{"id":1965,"date":"2015-04-24T12:26:35","date_gmt":"2015-04-24T10:26:35","guid":{"rendered":"http:\/\/www.akjm.de\/akjm\/?page_id=1965"},"modified":"2022-12-19T15:11:57","modified_gmt":"2022-12-19T14:11:57","slug":"rezensionen-von-daniel-hajok-zu","status":"publish","type":"page","link":"http:\/\/www.akjm.de\/akjm\/rezensionen-von-daniel-hajok-zu\/","title":{"rendered":"Rezensionen von Daniel Hajok zu &#8230;"},"content":{"rendered":"<p><strong>Mehr als Homeschooling und Onlinebasteln. Medienp\u00e4dagogik als Experimentier- und Erfahrungsfeld digitaler Jugendarbeit<\/strong>, herausgegeben von Friederike von Gross und Renate R\u00f6llecke, erschienen 2021 bei kopaed. In: mediendiskurs, Jg. 26, Heft 2, S. 96-97. [<a href=\"https:\/\/mediendiskurs.online\/data\/hefte\/ausgabe\/100\/rez-hajok-gross-roellecke-md-100.pdf\" target=\"_blank\" rel=\"noopener noreferrer\">Volltext<\/a>]<\/p>\n<p><strong>Leben in der digitalen Moderne. Essays<\/strong>, von Klaus Koziol, erschienen 2021 bei kopaed. In: tv diskurs &#8211; Verantwortung in audiovisuellen Medien, Jg. 26, Heft 1, S. 86. [<a href=\"https:\/\/tvdiskurs.de\/data\/hefte\/ausgabe\/99\/rez-3er-wedel-hajok-bengesser-tvd99.pdf\" target=\"_blank\" rel=\"noopener noreferrer\">Volltext<\/a>]<\/p>\n<p><strong>Hilfe, mein Kind ist ein Smombi. Unsere Kids im digitalen Rausch<\/strong>, von Frederik Weinert, erschienen 2019 bei Tectum. In: tv diskurs &#8211; Verantwortung in audiovisuellen Medien, Jg. 24, Heft 1, S. 101. [<a href=\"https:\/\/tvdiskurs.de\/data\/hefte\/ausgabe\/91\/rez-hoffmann-hajok-mikos-tvd91.pdf\" target=\"_blank\" rel=\"noopener noreferrer\">Volltext<\/a>]<\/p>\n<p><strong>Jugendmedienschutzindex: Der Umgang mit onlinebezogenen Risiken &#8211; Ergebnisse der Befragung von Lehrkr\u00e4ften und p\u00e4dagogischen Fachkr\u00e4ften<\/strong>, von Christa Gebel, Niels Br\u00fcggen, Uwe Hasebrink, Achim Lauber, Stephan Dreyer, Marius Drosselmeier und Marcel Rechlitz, herausgegeben 2018 von der Freiwilligen Selbstkontrolle Multimedia-Diensteanbieter e.V. In: tv diskurs &#8211; Verantwortung in audiovisuellen Medien, Jg. 23, Heft 1, S. 89. [<a href=\"https:\/\/tvdiskurs.de\/data\/hefte\/ausgabe\/87\/rez-beckmann-hajok-hajok-tvd87.pdf\" target=\"_blank\" rel=\"noopener noreferrer\">Volltext<\/a>]<\/p>\n<p><strong>JIM-Studie 2018. Jugend, Information, Medien. Basisuntersuchung zum Medienumgang 12- bis 19-J\u00e4hriger<\/strong>, herausgegeben 2018 vom Medienp\u00e4dagogischer Forschungsverbund S\u00fcdwest (MPFS). In: tv diskurs &#8211; Verantwortung in audiovisuellen Medien, Jg. 23, Heft 1, S. 89. [<a href=\"https:\/\/tvdiskurs.de\/data\/hefte\/ausgabe\/87\/rez-beckmann-hajok-hajok-tvd87.pdf\" target=\"_blank\" rel=\"noopener noreferrer\">Volltext<\/a>]<\/p>\n<p><strong>Sexuelle Viktimisierung, Pornografie und Sexting im Jugendalter<\/strong>, von Verena Vogelsang, erschienen 2017 bei Springer VS. In: Medien &amp; Kommunikationswissenschaft, Jg. 66, Heft 2, S. 247-249. [<a href=\"https:\/\/www.nomos-elibrary.de\/10.5771\/1615-634X-2018-2-234\/literatur-besprechungen-jahrgang-66-2018-heft-2?page=1\" target=\"_blank\" rel=\"noopener noreferrer\">Volltext<\/a>]<\/p>\n<p><strong>Mediatisierung und Mediensozialisation. Prozesse &#8211; R\u00e4ume &#8211; Praktiken<\/strong>, herausgegeben von Dagmar Hoffmann, Friedrich Krotz und Wolfgang Rei\u00dfmann, erschienen 2017 bei Springer VS. In: tv diskurs &#8211; Verantwortung in audiovisuellen Medien, Jg. 21, Heft 4, S. 86. [<a href=\"http:\/\/tvdiskurs.de\/data\/hefte\/ausgabe\/82\/rez-hajok-hoffmann-etal-mediatisierung-tvd82.pdf\" target=\"_blank\" rel=\"noopener noreferrer\">Volltext<\/a>]<\/p>\n<p><strong>Medienwandel<\/strong>, von Joseph Garncarz, erschienen 2016 bei UVK. In: tv diskurs &#8211; Verantwortung in audiovisuellen Medien, Jg. 21, Heft 1, S. 96. [<a href=\"http:\/\/tvdiskurs.de\/data\/hefte\/ausgabe\/79\/rez-hajok-garncarz-medienwandel-tvd79.pdf\" target=\"_blank\" rel=\"noopener noreferrer\">Volltext<\/a>]<\/p>\n<p><strong>Mediengenerationen. Biografische und kollektivbiografische Muster des Medienhandelns<\/strong>, von Klaus Beck, Till B\u00fcser und Christiane Schubert, erschienen 2016 bei UVK. In: tv diskurs &#8211; Verantwortung in audiovisuellen Medien, Jg. 20, Heft 4, S. 91. [<a href=\"http:\/\/tvdiskurs.de\/data\/hefte\/ausgabe\/78\/rez-hajok-beck-buser-schubert-mediengenerationen-tvd78.pdf\" target=\"_blank\" rel=\"noopener noreferrer\">Volltext<\/a>]<\/p>\n<p><strong>smart und mobil &#8211; Digitale Kommunikation als Herausforderung f\u00fcr Bildung, P\u00e4dagogik und Politik<\/strong>, herausgegeben von Katja Friedrichs, Friederike Siller und Albert Treber, erschienen 2015 bei kopaed. In: tv diskurs &#8211; Verantwortung in audiovisuellen Medien, Jg. 19, Heft 4, S. 92. [<a href=\"http:\/\/fsf.de\/data\/hefte\/ausgabe\/74\/hajok_friedrich_siller_090_tvd74.pdf\" target=\"_blank\" rel=\"noopener noreferrer\">Volltext<\/a>]<\/p>\n<p><strong>Mediatisierte Welten der Vergemeinschaftung &#8211; Kommunikative Vernetzung und das Gemeinschaftsleben junger Menschen<\/strong>, von Andreas Hepp, Matthias Berg und Cindy Roitsch, erschienen 2014 bei Springer VS. In: tv diskurs &#8211; Verantwortung in audiovisuellen Medien, Jg. 19, Heft 3, S. 121. [<a href=\"http:\/\/fsf.de\/data\/hefte\/ausgabe\/73\/hajok_hepp_rath_etal_121_tvd73.pdf\" target=\"_blank\" rel=\"noopener noreferrer\">Volltext<\/a>]<\/p>\n<p><strong>Ethik der mediatisierten Welt &#8211; Grundlagen und Perspektiven<\/strong>, von Matthias Rath, erschienen 2014 bei Springer VS. In: tv diskurs &#8211; Verantwortung in audiovisuellen Medien, Jg. 19, Heft 3, S. 121. [<a href=\"http:\/\/fsf.de\/data\/hefte\/ausgabe\/73\/hajok_hepp_rath_etal_121_tvd73.pdf\" target=\"_blank\" rel=\"noopener noreferrer\">Volltext<\/a>]<\/p>\n<p><strong>Handbuch Medienrezeption<\/strong>, herausgegeben von Carsten W\u00fcnsch, Holger Schramm, Volker Gehrau und Helena Bilandzic, erschienen 2014 bei Nomos. In: Medien &amp; Kommunikationswissenschaft, Jg. 63, Heft 2, S. 301-302. [<a href=\"https:\/\/www.nomos-elibrary.de\/10.5771\/1615-634x-2015-2-301\/carsten-wuensch-holger-schramm-volker-gehrau-helena-bilandzic-hrsg-2014-handbuch-medienrezeption-baden-baden-nomos-jahrgang-63-2015-heft-2?page=0\" target=\"_blank\" rel=\"noopener noreferrer\">Volltext<\/a>]<\/p>\n<p><strong>Jugendliche und die Aneignung politischer Information in Online-Medien<\/strong>, von Ulrike Wagner und Christa Gebel, erschienen 2014 bei Springer VS. In: tv diskurs &#8211; Verantwortung in audiovisuellen Medien, Jg. 19, Heft 2, S. 95. [<a href=\"http:\/\/fsf.de\/data\/hefte\/ausgabe\/72\/hajok_wagner_gebel_095_tvd72.pdf\" target=\"_blank\" rel=\"noopener noreferrer\">Volltext<\/a>]<\/p>\n<p><strong>Digitale Spiele im interdisziplin\u00e4ren Diskurs &#8211; Entwicklungen und Perspektiven der Alltagskultur, Technologie und Wirtschaft<\/strong>, herausgegeben von Bettina Schwarzer &amp; Sarah Spitzer, erschienen 2014 bei Nomos. In: JMS-Report, Jg. 37, Heft 5, S. 9. [<a href=\"http:\/\/www.jms-report.nomos.de\/archiv\/2014\/heft-5\/\" target=\"_blank\" rel=\"noopener noreferrer\">Info<\/a>]<\/p>\n<p><strong>Handbuch Kinder und Medien<\/strong>, herausgegeben von Angela Tillmann, Sandra Fleischer und Kai-Uwe Hugger, erschienen 2014 bei Springer VS. In: tv diskurs &#8211; Verantwortung in audiovisuellen Medien, Jg. 18, Heft 4, S. 100-101. [<a href=\"http:\/\/fsf.de\/data\/hefte\/ausgabe\/70\/hajok_tilmann_100_tvd70.pdf\" target=\"_blank\" rel=\"noopener noreferrer\">Volltext<\/a>]<\/p>\n<p><strong>Jugendmedienschutz und Medienerziehung im digitalen Zeitalter &#8211; Eine explorative Studie zur Rolle der Eltern<\/strong>, von Thorsten Junge, erschienen 2013 bei Springer VS. In: Medien &amp; Kommunikationswissenschaft, Jg. 62, Heft 2, S. 293-294. [<a href=\"https:\/\/www.nomos-elibrary.de\/10.5771\/1615-634x-2014-2-293\/thorsten-junge-2013-jugendmedienschutz-und-medienerziehung-im-digitalen-zeitalter-eine-explorative-studie-zur-rolle-der-eltern-wiesbaden-springer-vs-jahrgang-62-2014-heft-2?page=0\" target=\"_blank\" rel=\"noopener noreferrer\">Volltext<\/a>]<\/p>\n<p><strong>Handbuch Jugend &#8211; Musik &#8211; Sozialisation<\/strong>, herausgegeben von Robert Heyer, Sebastian Wachs und Christian Palentien, erschienen 2013 bei Springer VS. In: tv diskurs &#8211; Verantwortung in audiovisuellen Medien, Jg. 17, Heft 4, S. 102. [<a href=\"http:\/\/fsf.de\/data\/hefte\/ausgabe\/66\/hajok_heyer_102_tvd66.pdf\" target=\"_blank\" rel=\"noopener noreferrer\">Volltext<\/a>]<\/p>\n<p><strong>Teilen, vernetzen, liken &#8211; Jugend zwischen Eigensinn und Anpassung im Social Web<\/strong>, herausgegeben von Ulrike Wagner und Nils Br\u00fcggen, erschienen 2013 bei Nomos. In: JMS-Report, Jg. 36, Heft 5, S. 8. [<a href=\"http:\/\/www.akjm.de\/akjm\/wp-content\/uploads\/2013\/Rezension_Teilen_Vernetzen_Liken_JMS-Report_5-2013.pdf\" target=\"_blank\" rel=\"noopener noreferrer\">Volltext<\/a>]<\/p>\n<p><strong>Zarte Bande versus Bondage &#8211; Positionen zum Jugendmedienschutz in einem sexualisierten Alltag<\/strong>, herausgegeben von der Kommission f\u00fcr Jugendmedienschutz der Landesmedienanstalten, erschienen 2011 bei Vistas. In: tv diskurs &#8211; Verantwortung in audiovisuellen Medien, Jg. 16, Heft 2, S. 95. [<a href=\"http:\/\/fsf.de\/data\/hefte\/ausgabe\/60\/hajok_kjm095_tvd60.pdf\" target=\"_blank\" rel=\"noopener noreferrer\">Volltext<\/a>]<\/p>\n","protected":false},"excerpt":{"rendered":"<p>Mehr als Homeschooling und Onlinebasteln. Medienp\u00e4dagogik als Experimentier- und Erfahrungsfeld digitaler Jugendarbeit, herausgegeben von Friederike von Gross und Renate R\u00f6llecke, erschienen 2021 bei kopaed. In: mediendiskurs, Jg. 26, Heft 2, S. 96-97. [Volltext] Leben in der digitalen Moderne. Essays, von Klaus Koziol, erschienen 2021 bei kopaed. In: tv diskurs &#8211; Verantwortung in audiovisuellen Medien, Jg. &hellip; <a href=\"http:\/\/www.akjm.de\/akjm\/rezensionen-von-daniel-hajok-zu\/\" class=\"more-link\"><span class=\"screen-reader-text\">Rezensionen von Daniel Hajok zu &#8230;<\/span> weiterlesen<\/a><\/p>\n","protected":false},"author":2,"featured_media":0,"parent":0,"menu_order":0,"comment_status":"closed","ping_status":"open","template":"","meta":[],"_links":{"self":[{"href":"http:\/\/www.akjm.de\/akjm\/wp-json\/wp\/v2\/pages\/1965"}],"collection":[{"href":"http:\/\/www.akjm.de\/akjm\/wp-json\/wp\/v2\/pages"}],"about":[{"href":"http:\/\/www.akjm.de\/akjm\/wp-json\/wp\/v2\/types\/page"}],"author":[{"embeddable":true,"href":"http:\/\/www.akjm.de\/akjm\/wp-json\/wp\/v2\/users\/2"}],"replies":[{"embeddable":true,"href":"http:\/\/www.akjm.de\/akjm\/wp-json\/wp\/v2\/comments?post=1965"}],"version-history":[{"count":30,"href":"http:\/\/www.akjm.de\/akjm\/wp-json\/wp\/v2\/pages\/1965\/revisions"}],"predecessor-version":[{"id":3653,"href":"http:\/\/www.akjm.de\/akjm\/wp-json\/wp\/v2\/pages\/1965\/revisions\/3653"}],"wp:attachment":[{"href":"http:\/\/www.akjm.de\/akjm\/wp-json\/wp\/v2\/media?parent=1965"}],"curies":[{"name":"wp","href":"https:\/\/api.w.org\/{rel}","templated":true}]}}