{"id":2056,"date":"2015-06-09T12:02:41","date_gmt":"2015-06-09T10:02:41","guid":{"rendered":"http:\/\/www.akjm.de\/akjm\/?page_id=2056"},"modified":"2022-12-19T15:10:07","modified_gmt":"2022-12-19T14:10:07","slug":"lehrauftrage-und-gastvortrage-von-daniel-hajok","status":"publish","type":"page","link":"http:\/\/www.akjm.de\/akjm\/lehrauftrage-und-gastvortrage-von-daniel-hajok\/","title":{"rendered":"Lehrauftr\u00e4ge von Daniel Hajok"},"content":{"rendered":"<p>WS 2022\/23 Seminar <strong>Kinder und Jugendliche in ihren Medienwelten &#8211; Angebotsanalysen und Aneignungsweisen<\/strong> im Masterstudiengang Kinder- und Jugendmedien, Universit\u00e4t Erfurt.<\/p>\n<p>WS 2022\/23 Seminar <strong>Qualitative Forschungspraxis &#8211; Zug\u00e4nge zu den Medienwelten von Kindern und Jugendlichen<\/strong> im Masterstudiengang Kinder- und Jugendmedien, Universit\u00e4t Erfurt.<\/p>\n<p>WS 2022\/23 <strong>Selbststudieneinheit<\/strong> im Masterstudiengang Kinder- und Jugendmedien, Universit\u00e4t Erfurt.<\/p>\n<p>SS 2022 Seminar <strong>Grundlagen und Perspektiven des Kinder- und Jugendmedienschutzes<\/strong> im Masterstudiengang Kinder- und Jugendmedien, Universit\u00e4t Erfurt.<\/p>\n<p>SS 2022 <strong>Selbststudieneinheit<\/strong> im Masterstudiengang Kinder- und Jugendmedien, Universit\u00e4t Erfurt.<\/p>\n<p>SS 2022 Seminar <strong>Fake News, Filterblase und Hate Speech: Aktuelle Ph\u00e4nomene in kommunikationswissenschaftlicher Betrachtung<\/strong> im Bachelorstudiengang Kommunikationswissenschaft, Universit\u00e4t Erfurt.<\/p>\n<p>WS 2021\/22 Seminar <strong>Kinder und Jugendliche in ihren Medienwelten \u2013 Angebotsanalysen und Aneignungsweisen<\/strong> im Masterstudiengang Kinder- und Jugendmedien, Universit\u00e4t Erfurt.<\/p>\n<p>WS 2021\/22 Seminar <strong>Qualitative Forschungspraxis \u2013 Zug\u00e4nge zu den Medienwelten von Kindern und Jugendlichen<\/strong> im Masterstudiengang Kinder- und Jugendmedien, Universit\u00e4t Erfurt.<\/p>\n<p>WS 2021\/22 Seminar <strong>Medien im Alltag der Menschen: Angebotsentwicklung und Aneignungsweisen im Fokus<\/strong> im Bachelorstudiengang Kommunikationswissenschaft, Universit\u00e4t Erfurt.<\/p>\n<p>SS 2021 Seminar <strong>Grundlagen und Perspektiven des Kinder- und Jugendmedienschutzes<\/strong> im Masterstudiengang Kinder- und Jugendmedien, Universit\u00e4t Erfurt.<\/p>\n<p>SS 2021 Seminar <strong>Zwischen TikTok, YouTube, Fortnite, Twitch, Netflix und Instagram: Kinder und Jugendliche in ihren digitalen Welten<\/strong> im Masterstudiengang Kinder- und Jugendmedien, Universit\u00e4t Erfurt.<\/p>\n<p>SS 2021 <strong>Projektstudienphase (PSP): Projektseminar<\/strong> im Bachelorstudiengang Kommunikationswissenschaft, Universit\u00e4t Erfurt.<\/p>\n<p>WS 2020\/21 Seminar <strong>Einf\u00fchrung in die Medienp\u00e4dagogik<\/strong> im Bachelorstudiengang Erziehung und Bildung im Kindesalter, Alice Salomon Hochschule Berlin.<\/p>\n<p>WS 2020\/21 Seminar <strong>Qualitative Forschungspraxis \u2013 Zug\u00e4nge zu den Medienwelten von Kindern und Jugendlichen<\/strong> im Masterstudiengang Kinder- und Jugendmedien, Universit\u00e4t Erfurt.<\/p>\n<p>WS 2020\/21 Seminar <strong>Filterblase, Hate Speech, Fake News, Big Data: Aktuelle Ph\u00e4nomene in kommunikationswissenschaftlicher Betrachtung<\/strong> im Bachelorstudiengang Kommunikationswissenschaft, Universit\u00e4t Erfurt.<\/p>\n<p>WS 2020\/21 <strong>Projektstudienphase (PSP): Projektseminar<\/strong> im Bachelorstudiengang Kommunikationswissenschaft, Universit\u00e4t Erfurt.<\/p>\n<p>SS 2020 Seminar <strong>Ver\u00e4ndertes Heranwachsen unter Bedingungen der zunehmend mediatisierten Gesellschaft<\/strong> im Masterstudiengang Kinder- und Jugendmedien, Universit\u00e4t Erfurt.<\/p>\n<p>SS 2020 Seminar <strong>Konzeption von Materialien zur Medienbildung<\/strong> im Masterstudiengang Kinder- und Jugendmedien, Universit\u00e4t Erfurt.<\/p>\n<p>SS 2020 Seminar <strong>Lebens- und Medienwelten von Kindern und Jugendlichen<\/strong> im Bachelorstudiengang Kommunikationswissenschaft, Universit\u00e4t Erfurt.<\/p>\n<p>SS 2020 Seminar <strong>Einf\u00fchrung in die Medienp\u00e4dagogik<\/strong> im Bachelorstudiengang Erziehung und Bildung im Kindesalter, Alice Salomon Hochschule Berlin.<\/p>\n<p>WS 2019\/20 Seminar <strong>Kinder- und Jugendmedienschutz<\/strong> im Masterstudiengang Kinder- und Jugendmedien, Universit\u00e4t Erfurt.<\/p>\n<p>WS 2019\/20 Seminar <strong>Didaktische Aufbereitung von Materialien zur Medienbildung<\/strong> im Masterstudiengang Kinder- und Jugendmedien, Universit\u00e4t Erfurt.<\/p>\n<p>WS 2019\/20 Seminar <strong>Filterblase, Hate Speech, Fake News, Big Data: Aktuelle Ph\u00e4nomene in kommunikationswissenschaftlicher Betrachtung<\/strong> im Bachelorstudiengang Kommunikationswissenschaft, Universit\u00e4t Erfurt.<\/p>\n<p>SS 2019 Seminar <strong>Konzeption von Materialien zur Medienbildung<\/strong> im Masterstudiengang Kinder- und Jugendmedien, Universit\u00e4t Erfurt.<\/p>\n<p>SS 2019 Seminar <strong>Forschungsans\u00e4tze und Handlungsfelder im Bereich der Medienbildung<\/strong> im Bachelorstudiengang Erziehungswissenschaft, Universit\u00e4t Erfurt.<\/p>\n<p>SS 2019 Seminar <strong>Einf\u00fchrung in die Medienp\u00e4dagogik<\/strong> im Bachelorstudiengang Erziehung und Bildung im Kindesalter, Alice Salomon Hochschule Berlin.<\/p>\n<p>WS 2018\/19 Seminar <strong>Kinder- und Jugendmedienschutz<\/strong> im Masterstudiengang Kinder- und Jugendmedien, Universit\u00e4t Erfurt.<\/p>\n<p>WS 2018\/19 Seminar <strong>Didaktische Aufbereitung von Materialien zur Medienbildung von Kindern und Jugendlichen<\/strong> im Masterstudiengang Kinder- und Jugendmedien, Universit\u00e4t Erfurt.<\/p>\n<p>SS 2018 Seminar <strong>Wissenschaftliche Perspektiven auf das Heranwachsen unter Bedingungen der zunehmend mediatisierten Gesellschaft<\/strong> im Masterstudiengang Kinder- und Jugendmedien, Universit\u00e4t Erfurt.<\/p>\n<p>SS 2018 Seminar <strong>Medienbildung als Anspruch von Heranwachsenden und Aufgabe von Schule und sozialer Arbeit<\/strong> im Bachelorstudiengang Erziehungswissenschaft, Universit\u00e4t Erfurt.<\/p>\n<p>SS 2018 Seminar <strong>Filterblase, Hate Speech, Fake News: Aktuelle Ph\u00e4nomene in kommunikationswissenschaftlicher Betrachtung<\/strong> im Bachelorstudiengang Kommunikationswissenschaft, Universit\u00e4t Erfurt.<\/p>\n<p>SS 2018 Seminar <strong>Einf\u00fchrung in die Medienp\u00e4dagogik<\/strong> im Bachelorstudiengang Erziehung und Bildung im Kindesalter, Alice Salomon Hochschule Berlin.<\/p>\n<p>WS 2017\/18 Seminar <strong>Kinder- und Jugendmedienschutz<\/strong> im Masterstudiengang Kinder- und Jugendmedien, Universit\u00e4t Erfurt.<\/p>\n<p>WS 2017\/18 Seminar <strong>Anwendung qualitativer Forschungsmethoden<\/strong> im Bachelorstudiengang P\u00e4dagogik der Kindheit, DPFA Hochschule Leipzig.<\/p>\n<p>WS 2017\/18 Seminar <strong>Anwendung quantitativer Forschungsmethoden<\/strong> im Bachelorstudiengang P\u00e4dagogik der Kindheit, DPFA Hochschule Leipzig.<\/p>\n<p>WS 2017\/18 Seminar <strong>Toleranz und Demokratie: Interkulturelle Wertevermittlung<\/strong> im Bachelorstudiengang P\u00e4dagogik der Kindheit, DPFA Hochschule Leipzig.<\/p>\n<p>SS 2017 Seminar <strong>Medienp\u00e4dagogisches Projektseminar<\/strong> im Masterstudiengang Kinder- und Jugendmedien, Universit\u00e4t Erfurt.<\/p>\n<p>SS 2017 Seminar <strong>Qualitative Verfahren der Datenauswertung<\/strong> im Bachelorstudiengang Kommunikationswissenschaft, Universit\u00e4t Erfurt.<\/p>\n<p>SS 2017 Seminar <strong>Medienethik und Jugendmedienschutz<\/strong> im Masterstudiengang Spiel- und Medienp\u00e4dagogik, Ernst-Abbe-Hochschule Jena.<\/p>\n<p>SS 2017 Seminar <strong>Einf\u00fchrung in die Medienp\u00e4dagogik<\/strong> im Bachelorstudiengang Erziehung und Bildung im Kindesalter, Alice Salomon Hochschule Berlin.<\/p>\n<p>SS 2017 Seminar <strong>Diversity<\/strong> im Bachelorstudiengang P\u00e4dagogik der Kindheit, DPFA Hochschule Leipzig.<\/p>\n<p>SS 2017 Seminar <strong>Netzwerkarbeit, Organisation und Umsetzung von Transitionsprozessen<\/strong> im Bachelorstudiengang P\u00e4dagogik der Kindheit, DPFA Hochschule Leipzig.<\/p>\n<p>WS 2016\/17 Seminar <strong>Kinder- und Jugendmedienschutz<\/strong> im Masterstudiengang Kinder- und Jugendmedien, Universit\u00e4t Erfurt.<\/p>\n<p>WS 2016\/17 Seminar <strong>Theorien und Konzepte qualitativer Sozialforschung<\/strong> im Bachelorstudiengang Kommunikationswissenschaft, Universit\u00e4t Erfurt.<\/p>\n<p>WS 2016\/17 Vorlesung <strong>Ph\u00e4nomene entdecken<\/strong> im Bachelorstudiengang P\u00e4dagogik der Kindheit, DPFA Hochschule Leipzig.<\/p>\n<p>WS 2016\/17 Seminar <strong>Toleranz und Demokratie<\/strong> im Bachelorstudiengang P\u00e4dagogik der Kindheit, DPFA Hochschule Leipzig.<\/p>\n<p>WS 2016\/17 Seminar <strong>Netzwerkarbeit, Organisation und Umsetzung von Transitionsprozessen<\/strong> im berufsbegleitenden Bachelorstudiengang P\u00e4dagogik der Kindheit, DPFA Hochschule Leipzig.<\/p>\n<p>SS 2016 Seminar <strong>Methodik und Didaktik<\/strong> im berufsbegleitenden Bachelorstudiengang P\u00e4dagogik der Kindheit, DPFA Hochschule Leipzig.<\/p>\n<p>SS 2016 Seminar <strong>Medienp\u00e4dagogisches Projektseminar<\/strong> im Masterstudiengang Kinder- und Jugendmedien, Universit\u00e4t Erfurt.<\/p>\n<p>SS 2016 Seminar <strong>Qualitative Verfahren der Datenauswertung<\/strong> im Bachelorstudiengang Kommunikationswissenschaft, Universit\u00e4t Erfurt.<\/p>\n<p>SS 2016 Seminar <strong>Einf\u00fchrung in die Medienp\u00e4dagogik<\/strong> im Bachelorstudiengang Erziehung und Bildung im Kindesalter, Alice Salomon Hochschule Berlin.<\/p>\n<p>WS 2015\/16 Seminar <strong>Kinder- und Jugendmedienschutz<\/strong> im Masterstudiengang Kinder- und Jugendmedien, Universit\u00e4t Erfurt.<\/p>\n<p>WS 2015\/16 Seminar <strong>Theorien und Konzepte qualitativer Sozialforschung<\/strong> im Bachelorstudiengang Kommunikationswissenschaft, Universit\u00e4t Erfurt.<\/p>\n<p>SS 2015 Gastvortr\u00e4ge zur DVD-ROM <strong>Faszination Medien \u2013 ein multimediales Lernangebot f\u00fcr Schule und Jugendarbeit<\/strong> an der FH K\u00f6ln, HTWK Leipzig und Hochschule Merseburg.<\/p>\n<p>WS 2014\/15 Seminar <strong>Bef\u00e4higen und Bewahren: Medienkompetenzf\u00f6rderung und Jugend\u00admedienschutz<\/strong> im Masterstudiengang Erziehungswissenschaft, Universit\u00e4t Erfurt.<\/p>\n<p>WS 2014\/15 Seminar <strong>Kinder- und Jugendmedienschutz<\/strong> im Masterstudiengang Kinder- und Jugendmedien, Universit\u00e4t Erfurt.<\/p>\n<p>SS 2014 Seminar <strong>Jugendmedienforschung: Aneignung neuer Medien<\/strong> im Bachelorstudien\u00adgang Kommunikationswissenschaft, Universit\u00e4t Erfurt.<\/p>\n<p>WS 2013\/14 Seminar <strong>Medienp\u00e4dagogische Theorie<\/strong> im Bachelorstudiengang Kommuni\u00adkations- und Medienwissenschaft, Universit\u00e4t Leipzig.<\/p>\n<p>WS 2013\/14 Seminar <strong>Qualitative Methoden der Datenerhebung<\/strong> im Bachelorstudiengang Kommunikationswissenschaft, Universit\u00e4t Erfurt.<\/p>\n<p>SS 2013 Seminar <strong>Aktuelle Entwicklungen bei Kinder- und Jugendmedien<\/strong> im Master\u00adstudiengang Kinder- und Jugendmedien, Universit\u00e4t Erfurt.<\/p>\n<p>SS 2013 Ringvorlesung <strong>Ausgew\u00e4hlte Kinder- und Jugendmedien<\/strong> im Masterstudiengang Kinder- und Jugendmedien, Universit\u00e4t Erfurt.<\/p>\n<p>SS 2013 Seminar <strong>Einf\u00fchrung in die Datenanalyse mit SPSS<\/strong> im Bachelorstudiengang Kommunikationswissenschaft, Universit\u00e4t Erfurt.<\/p>\n<p>SS 2013 Seminar <strong>Datenanalyse mit SPSS f\u00fcr Fortgeschrittene<\/strong> im Bachelor\u00adstudiengang Kommunikationswissenschaft, Universit\u00e4t Erfurt.<\/p>\n<p>SS 2013 Projektseminar <strong>Medienp\u00e4dagogische Forschung und Praxis<\/strong> im Masterstudiengang Kinder- und Jugendmedien, Universit\u00e4t Erfurt.<\/p>\n<p>WS 2012\/13 Seminar <strong>Kinder- und Jugendmedienschutz<\/strong> im Masterstudiengang Kinder- und Jugendmedien, Universit\u00e4t Erfurt.<\/p>\n<p>WS 2012\/13 Seminar <strong>Kindersuchmaschinen im Internet<\/strong> im Masterstudiengang Kinder- und Jugendmedien, Universit\u00e4t Erfurt.<\/p>\n<p>WS 2012\/13 Selbststudieneinheit <strong>Forschungspraxis<\/strong> im Masterstudiengang Kinder- und Jugendmedien, Universit\u00e4t Erfurt.<\/p>\n<p>WS 2012\/13 Seminar <strong>Medien und Gesellschaft<\/strong> im Bachelorstudiengang Kommunikations\u00adwissenschaft, Universit\u00e4t Erfurt.<\/p>\n<p>WS 2012\/13 Seminar <strong>Kinder- und Jugendmedien<\/strong> im Bachelorstudiengang Kommunikations\u00adwissenschaft, Universit\u00e4t Erfurt.<\/p>\n<p>WS 2011\/12 Seminar <strong>Jugendmedienschutz in der Praxis<\/strong> im Masterstudiengang Kinder- und Jugendmedien, Universit\u00e4t Erfurt.<\/p>\n<p>WS 2011\/2012 Blockseminar <strong>Medienqualifizierung f\u00fcr Erzieherinnen und Erzieher<\/strong> an der Katholischen Hochschule f\u00fcr Sozialwesen Berlin (KHSB).<\/p>\n<p>WS 2010\/11 Seminar <strong>Jugendmedienschutz: Zwischen Bewahrung und Bef\u00e4higung<\/strong> im Masterstudiengang Kinder- und Jugendmedien, Universit\u00e4t Erfurt.<\/p>\n<p>WS 2008\/09 bis WS 2011\/2012 Gastvortr\u00e4ge zur DVD-ROM <strong>Krieg in den Medien \u2013 multimediales Lernangebot f\u00fcr Schule und Jugendarbeit<\/strong> an der HTWK Leipzig, Universit\u00e4t Bremen, Universit\u00e4t Hamburg, Freie Universit\u00e4t Berlin und Universit\u00e4t Leipzig.<\/p>\n<p>SS 2005 Seminar <strong>Jugendmedienschutz<\/strong> am Lehrstuhl f\u00fcr Medienp\u00e4dagogik und Weiter\u00adbildung, Universit\u00e4t Leipzig.<\/p>\n<p>SS 2004 Proseminar <strong>Medien und Erziehung \u2013 Teil 4: Reflexiv-praktische Medien\u00adarbeit<\/strong> am Arbeitsbereich Philosophie der Erziehung, Freie Universit\u00e4t Berlin.<\/p>\n<p>WS 2003\/04 Proseminar <strong>Medien und Erziehung \u2013 Teil 3: Jugendmedienschutz<\/strong> am Arbeits\u00adbereich Philosophie der Erziehung, Freie Universit\u00e4t Berlin.<\/p>\n<p>SS 2003 Proseminar <strong>Medien und Erziehung \u2013 Teil 2: Entwicklung von Medien\u00adkompetenz<\/strong> am Arbeitsbereich Philosophie der Erziehung, Freie Universit\u00e4t Berlin.<\/p>\n<p>SS 2003 Vetrag zu <strong>Sozialisation und Erziehung<\/strong> in Ringvorlesung &#8222;Einf\u00fchrung in die Philo\u00adsophie der Erziehung&#8220;, Freie Universit\u00e4t Berlin.<\/p>\n<p>WS 2002\/03 Seminar <strong>Evaluation qualitativer Forschungsmethoden: Das Leitfadeninter\u00adview<\/strong> am Lehrstuhl f\u00fcr Medienp\u00e4dagogik und Weiterbildung, Universit\u00e4t Leipzig.<\/p>\n<p>WS 2002\/03 Hauptseminar <strong>Theorien und Methoden zur geschlechtsspezifischen Medien\u00adsozialisation<\/strong> am Arbeitsbereich Philosophie der Erziehung, Freie Universit\u00e4t Berlin.<\/p>\n<p>SS 2002 Proseminar <strong>Medien und Erziehung \u2013 Teil 1: Mediensozialisation<\/strong> am Arbeitsbereich Philosophie der Erziehung, Freie Universit\u00e4t Berlin.<\/p>\n<p>SS 2002 Hauptseminar <strong>Evaluation qualitativer Forschungsmethoden: Leitfadeninterview<\/strong> am Arbeitsbereich Philosophie der Erziehung, Freie Universit\u00e4t Berlin.<\/p>\n<p>WS 2001\/02 Seminar <strong>Sozialisation und Massenmedien<\/strong> am Lehrstuhl f\u00fcr Medien\u00adp\u00e4dagogik und Weiterbildung, Universit\u00e4t Leipzig.<\/p>\n<p>SS 2001 Seminar <strong>Medienkonvergenz<\/strong> mit Herrn Prof. Dr. Schorb am Lehrstuhl f\u00fcr Medienp\u00e4dagogik und Weiterbildung, Universit\u00e4t Leipzig.<\/p>\n<p>WS 2000\/01 Seminar <strong>Medienkompetenz<\/strong> mit Herrn Lauber am Lehrstuhl f\u00fcr Medien\u00adp\u00e4dagogik und Weiterbildung, Universit\u00e4t Leipzig.<\/p>\n<p>SS 2000 Seminar <strong>Jugend und Medien<\/strong> mit Herrn Lauber am Lehrstuhl f\u00fcr Medienp\u00e4dagogik und Weiterbildung, Universit\u00e4t Leipzig.<\/p>\n<p>WS 1999\/00 Seminar <strong>Konzepte von Jugend in der Sozialwissenschaft<\/strong> mit Herrn Lauber am Lehrstuhl f\u00fcr Medienp\u00e4dagogik und Weiterbildung, Universit\u00e4t Leipzig.<\/p>\n","protected":false},"excerpt":{"rendered":"<p>WS 2022\/23 Seminar Kinder und Jugendliche in ihren Medienwelten &#8211; Angebotsanalysen und Aneignungsweisen im Masterstudiengang Kinder- und Jugendmedien, Universit\u00e4t Erfurt. WS 2022\/23 Seminar Qualitative Forschungspraxis &#8211; Zug\u00e4nge zu den Medienwelten von Kindern und Jugendlichen im Masterstudiengang Kinder- und Jugendmedien, Universit\u00e4t Erfurt. WS 2022\/23 Selbststudieneinheit im Masterstudiengang Kinder- und Jugendmedien, Universit\u00e4t Erfurt. SS 2022 Seminar Grundlagen &hellip; <a href=\"http:\/\/www.akjm.de\/akjm\/lehrauftrage-und-gastvortrage-von-daniel-hajok\/\" class=\"more-link\"><span class=\"screen-reader-text\">Lehrauftr\u00e4ge von Daniel Hajok<\/span> weiterlesen<\/a><\/p>\n","protected":false},"author":2,"featured_media":0,"parent":0,"menu_order":0,"comment_status":"closed","ping_status":"open","template":"","meta":[],"_links":{"self":[{"href":"http:\/\/www.akjm.de\/akjm\/wp-json\/wp\/v2\/pages\/2056"}],"collection":[{"href":"http:\/\/www.akjm.de\/akjm\/wp-json\/wp\/v2\/pages"}],"about":[{"href":"http:\/\/www.akjm.de\/akjm\/wp-json\/wp\/v2\/types\/page"}],"author":[{"embeddable":true,"href":"http:\/\/www.akjm.de\/akjm\/wp-json\/wp\/v2\/users\/2"}],"replies":[{"embeddable":true,"href":"http:\/\/www.akjm.de\/akjm\/wp-json\/wp\/v2\/comments?post=2056"}],"version-history":[{"count":31,"href":"http:\/\/www.akjm.de\/akjm\/wp-json\/wp\/v2\/pages\/2056\/revisions"}],"predecessor-version":[{"id":3754,"href":"http:\/\/www.akjm.de\/akjm\/wp-json\/wp\/v2\/pages\/2056\/revisions\/3754"}],"wp:attachment":[{"href":"http:\/\/www.akjm.de\/akjm\/wp-json\/wp\/v2\/media?parent=2056"}],"curies":[{"name":"wp","href":"https:\/\/api.w.org\/{rel}","templated":true}]}}